{"id":150,"date":"2017-08-29T07:55:39","date_gmt":"2017-08-29T07:55:39","guid":{"rendered":"http:\/\/stanflex.de\/?page_id=150"},"modified":"2018-03-17T14:11:18","modified_gmt":"2018-03-17T14:11:18","slug":"daszki","status":"publish","type":"page","link":"https:\/\/stanflex.pl\/?page_id=150","title":{"rendered":"Tunele"},"content":{"rendered":"<p><img loading=\"lazy\" decoding=\"async\" class=\"alignnone size-medium wp-image-77\" src=\"ht\/wp-content\/uploads\/2017\/08\/096-300x224.jpg\" alt=\"\" width=\"300\" height=\"224\" srcset=\"https:\/\/stanflex.pl\/wp-content\/uploads\/2017\/08\/096-300x224.jpg 300w, https:\/\/stanflex.pl\/wp-content\/uploads\/2017\/08\/096-768x574.jpg 768w, https:\/\/stanflex.pl\/wp-content\/uploads\/2017\/08\/096-1024x765.jpg 1024w\" sizes=\"(max-width: 300px) 100vw, 300px\" \/><img loading=\"lazy\" decoding=\"async\" class=\"size-medium wp-image-81 alignright\" src=\"ht\/wp-content\/uploads\/2017\/08\/494-300x224.jpg\" alt=\"\" width=\"300\" height=\"224\" srcset=\"https:\/\/stanflex.pl\/wp-content\/uploads\/2017\/08\/494-300x224.jpg 300w, https:\/\/stanflex.pl\/wp-content\/uploads\/2017\/08\/494-768x574.jpg 768w, https:\/\/stanflex.pl\/wp-content\/uploads\/2017\/08\/494-1024x765.jpg 1024w\" sizes=\"(max-width: 300px) 100vw, 300px\" \/><\/p>\n<p>&nbsp;<\/p>\n<h4><a name=\"pomidor\"><\/a>Systemy uprawowe do pomidor\u00f3w, og\u00f3rk\u00f3w, papryki itp.<\/h4>\n<p align=\"justify\">System rynien uprawowych wykorzystywanych przy uprawie ro\u015blin takich jak pomidory, og\u00f3rki czy papryka opiera si\u0119 o podobne zasady dzia\u0142ania jak rynny stosowane przy uprawie truskawek.<!--more--><\/p>\n<p align=\"justify\">\u00a0Zadaniem rynny, kt\u00f3ra w tym przypadku ma zupe\u0142nie inny kszta\u0142t ( ze wzgl\u0119du na inny rodzaj mat stosowanych podczas uprawy) jest odprowadzenie nadmiaru po\u017cywki oraz zapewnienie komfortu podczas prowadzenia prac zwi\u0105zanych z obs\u0142ug\u0105 ro\u015blin. Znacz\u0105c\u0105 zalet\u0105 wykorzystania rynien uprawowych jest spos\u00f3b ich monta\u017cu kt\u00f3ry opiera si\u0119 w g\u0142\u00f3wnej mierze o system linek, hak\u00f3w oraz specjalistycznych zawiesi i podstawek. Dzi\u0119ki takiemu rozwi\u0105zaniu w znacz\u0105cy spos\u00f3b usprawnia si\u0119 r\u00f3wnie\u017c prace zwi\u0105zane z obs\u0142ug\u0105 szklarni na przyk\u0142ad podczas sprz\u0105tania i odka\u017cania szklarni po sezonie. Poniewa\u017c rynny podwieszone s\u0105 na konstrukcji szklarni (najcz\u0119\u015bciej na kratownicy) wymiana folii znajduj\u0105cej si\u0119 na ziemi odbywa si\u0119 du\u017co szybciej i wymaga zaanga\u017cowania mniejszej ilo\u015bci os\u00f3b co wp\u0142ywa na redukcj\u0119 koszt\u00f3w prowadzenia uprawy.<\/p>\n<ul class=\"list_2 pad\">\n<li>Rynna uprawowa wykonana ze stali cynkowanej dwukrotnie powlekanej farb\u0105 polyuretanow\u0105 i polyestrow\u0105 ( 5 lat gwarancji)<\/li>\n<li>Za\u015blepki na rynn\u0119 oraz zbiorniczki na po\u017cywk\u0119 umo\u017cliwiaj\u0105ce odprowadzenie przelewu.<\/li>\n<li>Elementy umo\u017cliwiaj\u0105ce monta\u017c rynny w szklarni lub tunelu (haki pod rynn\u0119, V-linki, linki mocowane na kratownicy, \u015bruby rzymskie, spinki do rynien), dodatkowo je\u017celi istnieje taka potrzeba firma oferuje specjalne podstawki umo\u017cliwiaj\u0105ce podparcie rynny od spodu.<\/li>\n<li>Pe\u0142ne wyposa\u017cenie umo\u017cliwiaj\u0105ce podwi\u0105zywanie krzak\u00f3w np. pomidora (zakr\u0119ty, haczyki itp.).<\/li>\n<li>System \u0142a\u0144cuszk\u00f3w i haczyk\u00f3w pozwalaj\u0105cy na podwieszenie rury wegetacyjnej i swobodn\u0105 regulacj\u0119 wysoko\u015bci jej podwieszenia.<\/li>\n<li>Profesjonalny system nawodnienia sk\u0142adaj\u0105cy si\u0119 z podzespo\u0142\u00f3w najwy\u017cszej jako\u015bci umo\u017cliwiaj\u0105cy dostarczanie ro\u015blinom odpowiednio przygotowanej po\u017cywki.<\/li>\n<\/ul>\n<h4><a name=\"akcesoria\"><\/a>Akcesoria system\u00f3w uprawowych, sadzonki i maty.<\/h4>\n<p>Opr\u00f3cz kompletnych system\u00f3w rynien uprawowych, systemu nawodnienia dedykowanego do uprawy w rynnach firma StanFlex dostarczy Pa\u0144stwu: Poszczeg\u00f3lne elementy z kt\u00f3rych sk\u0142adaj\u0105 si\u0119 oferowane przez nas systemy rynnowe. Doskona\u0142ej jako\u015bci sadzonki truskawki wyprodukowane przez czo\u0142owych europejskich producent\u00f3w w bardzo konkurencyjnych cenach Maty do rynien uprawowych z r\u00f3\u017cnego rodzaju pod\u0142o\u017cami, kokos, perlit itp.<\/p>\n","protected":false},"excerpt":{"rendered":"<p>&nbsp; Systemy uprawowe do pomidor\u00f3w, og\u00f3rk\u00f3w, papryki itp. System rynien uprawowych wykorzystywanych przy uprawie ro\u015blin takich jak pomidory, og\u00f3rki czy papryka opiera si\u0119 o podobne zasady dzia\u0142ania jak rynny stosowane przy uprawie truskawek.<\/p>\n","protected":false},"author":1,"featured_media":322,"parent":0,"menu_order":0,"comment_status":"closed","ping_status":"closed","template":"","meta":{"footnotes":""},"yoast_head":"<!-- This site is optimized with the Yoast SEO plugin v21.5 - https:\/\/yoast.com\/wordpress\/plugins\/seo\/ -->\n<title>Tunele - STANFLEX Stanis\u0142aw Bogda\u0142<\/title>\n<meta name=\"robots\" content=\"index, follow, max-snippet:-1, max-image-preview:large, max-video-preview:-1\" \/>\n<link rel=\"canonical\" href=\"https:\/\/stanflex.pl\/?page_id=150\" \/>\n<meta property=\"og:locale\" content=\"pl_PL\" \/>\n<meta property=\"og:type\" content=\"article\" \/>\n<meta property=\"og:title\" content=\"Tunele - STANFLEX Stanis\u0142aw Bogda\u0142\" \/>\n<meta property=\"og:description\" content=\"&nbsp; Systemy uprawowe do pomidor\u00f3w, og\u00f3rk\u00f3w, papryki itp. System rynien uprawowych wykorzystywanych przy uprawie ro\u015blin takich jak pomidory, og\u00f3rki czy papryka opiera si\u0119 o podobne zasady dzia\u0142ania jak rynny stosowane przy uprawie truskawek.\" \/>\n<meta property=\"og:url\" content=\"https:\/\/stanflex.pl\/?page_id=150\" \/>\n<meta property=\"og:site_name\" content=\"STANFLEX Stanis\u0142aw Bogda\u0142\" \/>\n<meta property=\"article:modified_time\" content=\"2018-03-17T14:11:18+00:00\" \/>\n<meta property=\"og:image\" content=\"https:\/\/stanflex.pl\/wp-content\/uploads\/2017\/10\/tunele-uprawne-2.jpg\" \/>\n\t<meta property=\"og:image:width\" content=\"608\" \/>\n\t<meta property=\"og:image:height\" content=\"531\" \/>\n\t<meta property=\"og:image:type\" content=\"image\/jpeg\" \/>\n<meta name=\"twitter:card\" content=\"summary_large_image\" \/>\n<meta name=\"twitter:label1\" content=\"Szacowany czas czytania\" \/>\n\t<meta name=\"twitter:data1\" content=\"2 minuty\" \/>\n<script type=\"application\/ld+json\" class=\"yoast-schema-graph\">{\"@context\":\"https:\/\/schema.org\",\"@graph\":[{\"@type\":\"WebPage\",\"@id\":\"https:\/\/stanflex.pl\/?page_id=150\",\"url\":\"https:\/\/stanflex.pl\/?page_id=150\",\"name\":\"Tunele - STANFLEX Stanis\u0142aw Bogda\u0142\",\"isPartOf\":{\"@id\":\"https:\/\/stanflex.pl\/#website\"},\"datePublished\":\"2017-08-29T07:55:39+00:00\",\"dateModified\":\"2018-03-17T14:11:18+00:00\",\"breadcrumb\":{\"@id\":\"https:\/\/stanflex.pl\/?page_id=150#breadcrumb\"},\"inLanguage\":\"pl-PL\",\"potentialAction\":[{\"@type\":\"ReadAction\",\"target\":[\"https:\/\/stanflex.pl\/?page_id=150\"]}]},{\"@type\":\"BreadcrumbList\",\"@id\":\"https:\/\/stanflex.pl\/?page_id=150#breadcrumb\",\"itemListElement\":[{\"@type\":\"ListItem\",\"position\":1,\"name\":\"Strona g\u0142\u00f3wna\",\"item\":\"https:\/\/stanflex.pl\/\"},{\"@type\":\"ListItem\",\"position\":2,\"name\":\"Tunele\"}]},{\"@type\":\"WebSite\",\"@id\":\"https:\/\/stanflex.pl\/#website\",\"url\":\"https:\/\/stanflex.pl\/\",\"name\":\"STANFLEX Stanis\u0142aw Bogda\u0142\",\"description\":\"Lider w dziedzinie technologii innowacyjnych w uprawie bezglebowej\",\"publisher\":{\"@id\":\"https:\/\/stanflex.pl\/#organization\"},\"potentialAction\":[{\"@type\":\"SearchAction\",\"target\":{\"@type\":\"EntryPoint\",\"urlTemplate\":\"https:\/\/stanflex.pl\/?s={search_term_string}\"},\"query-input\":\"required name=search_term_string\"}],\"inLanguage\":\"pl-PL\"},{\"@type\":\"Organization\",\"@id\":\"https:\/\/stanflex.pl\/#organization\",\"name\":\"Stanflex Stanis\u0142aw Bogda\u0142\",\"url\":\"https:\/\/stanflex.pl\/\",\"logo\":{\"@type\":\"ImageObject\",\"inLanguage\":\"pl-PL\",\"@id\":\"https:\/\/stanflex.pl\/#\/schema\/logo\/image\/\",\"url\":\"https:\/\/stanflex.pl\/wp-content\/uploads\/2017\/08\/stanflex-e1503745995171.png\",\"contentUrl\":\"https:\/\/stanflex.pl\/wp-content\/uploads\/2017\/08\/stanflex-e1503745995171.png\",\"width\":150,\"height\":71,\"caption\":\"Stanflex Stanis\u0142aw Bogda\u0142\"},\"image\":{\"@id\":\"https:\/\/stanflex.pl\/#\/schema\/logo\/image\/\"}}]}<\/script>\n<!-- \/ Yoast SEO plugin. -->","yoast_head_json":{"title":"Tunele - STANFLEX Stanis\u0142aw Bogda\u0142","robots":{"index":"index","follow":"follow","max-snippet":"max-snippet:-1","max-image-preview":"max-image-preview:large","max-video-preview":"max-video-preview:-1"},"canonical":"https:\/\/stanflex.pl\/?page_id=150","og_locale":"pl_PL","og_type":"article","og_title":"Tunele - STANFLEX Stanis\u0142aw Bogda\u0142","og_description":"&nbsp; Systemy uprawowe do pomidor\u00f3w, og\u00f3rk\u00f3w, papryki itp. System rynien uprawowych wykorzystywanych przy uprawie ro\u015blin takich jak pomidory, og\u00f3rki czy papryka opiera si\u0119 o podobne zasady dzia\u0142ania jak rynny stosowane przy uprawie truskawek.","og_url":"https:\/\/stanflex.pl\/?page_id=150","og_site_name":"STANFLEX Stanis\u0142aw Bogda\u0142","article_modified_time":"2018-03-17T14:11:18+00:00","og_image":[{"width":608,"height":531,"url":"https:\/\/stanflex.pl\/wp-content\/uploads\/2017\/10\/tunele-uprawne-2.jpg","type":"image\/jpeg"}],"twitter_card":"summary_large_image","twitter_misc":{"Szacowany czas czytania":"2 minuty"},"schema":{"@context":"https:\/\/schema.org","@graph":[{"@type":"WebPage","@id":"https:\/\/stanflex.pl\/?page_id=150","url":"https:\/\/stanflex.pl\/?page_id=150","name":"Tunele - STANFLEX Stanis\u0142aw Bogda\u0142","isPartOf":{"@id":"https:\/\/stanflex.pl\/#website"},"datePublished":"2017-08-29T07:55:39+00:00","dateModified":"2018-03-17T14:11:18+00:00","breadcrumb":{"@id":"https:\/\/stanflex.pl\/?page_id=150#breadcrumb"},"inLanguage":"pl-PL","potentialAction":[{"@type":"ReadAction","target":["https:\/\/stanflex.pl\/?page_id=150"]}]},{"@type":"BreadcrumbList","@id":"https:\/\/stanflex.pl\/?page_id=150#breadcrumb","itemListElement":[{"@type":"ListItem","position":1,"name":"Strona g\u0142\u00f3wna","item":"https:\/\/stanflex.pl\/"},{"@type":"ListItem","position":2,"name":"Tunele"}]},{"@type":"WebSite","@id":"https:\/\/stanflex.pl\/#website","url":"https:\/\/stanflex.pl\/","name":"STANFLEX Stanis\u0142aw Bogda\u0142","description":"Lider w dziedzinie technologii innowacyjnych w uprawie bezglebowej","publisher":{"@id":"https:\/\/stanflex.pl\/#organization"},"potentialAction":[{"@type":"SearchAction","target":{"@type":"EntryPoint","urlTemplate":"https:\/\/stanflex.pl\/?s={search_term_string}"},"query-input":"required name=search_term_string"}],"inLanguage":"pl-PL"},{"@type":"Organization","@id":"https:\/\/stanflex.pl\/#organization","name":"Stanflex Stanis\u0142aw Bogda\u0142","url":"https:\/\/stanflex.pl\/","logo":{"@type":"ImageObject","inLanguage":"pl-PL","@id":"https:\/\/stanflex.pl\/#\/schema\/logo\/image\/","url":"https:\/\/stanflex.pl\/wp-content\/uploads\/2017\/08\/stanflex-e1503745995171.png","contentUrl":"https:\/\/stanflex.pl\/wp-content\/uploads\/2017\/08\/stanflex-e1503745995171.png","width":150,"height":71,"caption":"Stanflex Stanis\u0142aw Bogda\u0142"},"image":{"@id":"https:\/\/stanflex.pl\/#\/schema\/logo\/image\/"}}]}},"_links":{"self":[{"href":"https:\/\/stanflex.pl\/index.php?rest_route=\/wp\/v2\/pages\/150"}],"collection":[{"href":"https:\/\/stanflex.pl\/index.php?rest_route=\/wp\/v2\/pages"}],"about":[{"href":"https:\/\/stanflex.pl\/index.php?rest_route=\/wp\/v2\/types\/page"}],"author":[{"embeddable":true,"href":"https:\/\/stanflex.pl\/index.php?rest_route=\/wp\/v2\/users\/1"}],"replies":[{"embeddable":true,"href":"https:\/\/stanflex.pl\/index.php?rest_route=%2Fwp%2Fv2%2Fcomments&post=150"}],"version-history":[{"count":11,"href":"https:\/\/stanflex.pl\/index.php?rest_route=\/wp\/v2\/pages\/150\/revisions"}],"predecessor-version":[{"id":475,"href":"https:\/\/stanflex.pl\/index.php?rest_route=\/wp\/v2\/pages\/150\/revisions\/475"}],"wp:featuredmedia":[{"embeddable":true,"href":"https:\/\/stanflex.pl\/index.php?rest_route=\/wp\/v2\/media\/322"}],"wp:attachment":[{"href":"https:\/\/stanflex.pl\/index.php?rest_route=%2Fwp%2Fv2%2Fmedia&parent=150"}],"curies":[{"name":"wp","href":"https:\/\/api.w.org\/{rel}","templated":true}]}}