{"id":335,"date":"2017-10-16T20:08:39","date_gmt":"2017-10-16T20:08:39","guid":{"rendered":"http:\/\/stanflex.de\/?page_id=335"},"modified":"2017-10-27T06:19:34","modified_gmt":"2017-10-27T06:19:34","slug":"praca-i-kariera","status":"publish","type":"page","link":"https:\/\/stanflex.pl\/?page_id=335","title":{"rendered":"Praca i kariera"},"content":{"rendered":"<h3>Oferty pracy<\/h3>\n<p>Jeste\u015b zainteresowanych prac\u0105 w Grupie STANFLEX prosimy o kontakt mailowy: info@stanflex. pl.<\/p>\n","protected":false},"excerpt":{"rendered":"<p>Oferty pracy Jeste\u015b zainteresowanych prac\u0105 w Grupie STANFLEX prosimy o kontakt mailowy: info@stanflex. pl.<\/p>\n","protected":false},"author":1,"featured_media":0,"parent":44,"menu_order":0,"comment_status":"closed","ping_status":"closed","template":"","meta":{"footnotes":""},"yoast_head":"<!-- This site is optimized with the Yoast SEO plugin v21.5 - https:\/\/yoast.com\/wordpress\/plugins\/seo\/ -->\n<title>Praca i kariera - STANFLEX Stanis\u0142aw Bogda\u0142<\/title>\n<meta name=\"robots\" content=\"index, follow, max-snippet:-1, max-image-preview:large, max-video-preview:-1\" \/>\n<link rel=\"canonical\" href=\"https:\/\/stanflex.pl\/?page_id=335\" \/>\n<meta property=\"og:locale\" content=\"pl_PL\" \/>\n<meta property=\"og:type\" content=\"article\" \/>\n<meta property=\"og:title\" content=\"Praca i kariera - STANFLEX Stanis\u0142aw Bogda\u0142\" \/>\n<meta property=\"og:description\" content=\"Oferty pracy Jeste\u015b zainteresowanych prac\u0105 w Grupie STANFLEX prosimy o kontakt mailowy: info@stanflex. pl.\" \/>\n<meta property=\"og:url\" content=\"https:\/\/stanflex.pl\/?page_id=335\" \/>\n<meta property=\"og:site_name\" content=\"STANFLEX Stanis\u0142aw Bogda\u0142\" \/>\n<meta property=\"article:modified_time\" content=\"2017-10-27T06:19:34+00:00\" \/>\n<meta name=\"twitter:card\" content=\"summary_large_image\" \/>\n<script type=\"application\/ld+json\" class=\"yoast-schema-graph\">{\"@context\":\"https:\/\/schema.org\",\"@graph\":[{\"@type\":\"WebPage\",\"@id\":\"https:\/\/stanflex.pl\/?page_id=335\",\"url\":\"https:\/\/stanflex.pl\/?page_id=335\",\"name\":\"Praca i kariera - STANFLEX Stanis\u0142aw Bogda\u0142\",\"isPartOf\":{\"@id\":\"https:\/\/stanflex.pl\/#website\"},\"datePublished\":\"2017-10-16T20:08:39+00:00\",\"dateModified\":\"2017-10-27T06:19:34+00:00\",\"breadcrumb\":{\"@id\":\"https:\/\/stanflex.pl\/?page_id=335#breadcrumb\"},\"inLanguage\":\"pl-PL\",\"potentialAction\":[{\"@type\":\"ReadAction\",\"target\":[\"https:\/\/stanflex.pl\/?page_id=335\"]}]},{\"@type\":\"BreadcrumbList\",\"@id\":\"https:\/\/stanflex.pl\/?page_id=335#breadcrumb\",\"itemListElement\":[{\"@type\":\"ListItem\",\"position\":1,\"name\":\"Strona g\u0142\u00f3wna\",\"item\":\"https:\/\/stanflex.pl\/\"},{\"@type\":\"ListItem\",\"position\":2,\"name\":\"O firmie\",\"item\":\"https:\/\/stanflex.pl\/?page_id=44\"},{\"@type\":\"ListItem\",\"position\":3,\"name\":\"Praca i kariera\"}]},{\"@type\":\"WebSite\",\"@id\":\"https:\/\/stanflex.pl\/#website\",\"url\":\"https:\/\/stanflex.pl\/\",\"name\":\"STANFLEX Stanis\u0142aw Bogda\u0142\",\"description\":\"Lider w dziedzinie technologii innowacyjnych w uprawie bezglebowej\",\"publisher\":{\"@id\":\"https:\/\/stanflex.pl\/#organization\"},\"potentialAction\":[{\"@type\":\"SearchAction\",\"target\":{\"@type\":\"EntryPoint\",\"urlTemplate\":\"https:\/\/stanflex.pl\/?s={search_term_string}\"},\"query-input\":\"required name=search_term_string\"}],\"inLanguage\":\"pl-PL\"},{\"@type\":\"Organization\",\"@id\":\"https:\/\/stanflex.pl\/#organization\",\"name\":\"Stanflex Stanis\u0142aw Bogda\u0142\",\"url\":\"https:\/\/stanflex.pl\/\",\"logo\":{\"@type\":\"ImageObject\",\"inLanguage\":\"pl-PL\",\"@id\":\"https:\/\/stanflex.pl\/#\/schema\/logo\/image\/\",\"url\":\"https:\/\/stanflex.pl\/wp-content\/uploads\/2017\/08\/stanflex-e1503745995171.png\",\"contentUrl\":\"https:\/\/stanflex.pl\/wp-content\/uploads\/2017\/08\/stanflex-e1503745995171.png\",\"width\":150,\"height\":71,\"caption\":\"Stanflex Stanis\u0142aw Bogda\u0142\"},\"image\":{\"@id\":\"https:\/\/stanflex.pl\/#\/schema\/logo\/image\/\"}}]}<\/script>\n<!-- \/ Yoast SEO plugin. -->","yoast_head_json":{"title":"Praca i kariera - STANFLEX Stanis\u0142aw Bogda\u0142","robots":{"index":"index","follow":"follow","max-snippet":"max-snippet:-1","max-image-preview":"max-image-preview:large","max-video-preview":"max-video-preview:-1"},"canonical":"https:\/\/stanflex.pl\/?page_id=335","og_locale":"pl_PL","og_type":"article","og_title":"Praca i kariera - STANFLEX Stanis\u0142aw Bogda\u0142","og_description":"Oferty pracy Jeste\u015b zainteresowanych prac\u0105 w Grupie STANFLEX prosimy o kontakt mailowy: info@stanflex. pl.","og_url":"https:\/\/stanflex.pl\/?page_id=335","og_site_name":"STANFLEX Stanis\u0142aw Bogda\u0142","article_modified_time":"2017-10-27T06:19:34+00:00","twitter_card":"summary_large_image","schema":{"@context":"https:\/\/schema.org","@graph":[{"@type":"WebPage","@id":"https:\/\/stanflex.pl\/?page_id=335","url":"https:\/\/stanflex.pl\/?page_id=335","name":"Praca i kariera - STANFLEX Stanis\u0142aw Bogda\u0142","isPartOf":{"@id":"https:\/\/stanflex.pl\/#website"},"datePublished":"2017-10-16T20:08:39+00:00","dateModified":"2017-10-27T06:19:34+00:00","breadcrumb":{"@id":"https:\/\/stanflex.pl\/?page_id=335#breadcrumb"},"inLanguage":"pl-PL","potentialAction":[{"@type":"ReadAction","target":["https:\/\/stanflex.pl\/?page_id=335"]}]},{"@type":"BreadcrumbList","@id":"https:\/\/stanflex.pl\/?page_id=335#breadcrumb","itemListElement":[{"@type":"ListItem","position":1,"name":"Strona g\u0142\u00f3wna","item":"https:\/\/stanflex.pl\/"},{"@type":"ListItem","position":2,"name":"O firmie","item":"https:\/\/stanflex.pl\/?page_id=44"},{"@type":"ListItem","position":3,"name":"Praca i kariera"}]},{"@type":"WebSite","@id":"https:\/\/stanflex.pl\/#website","url":"https:\/\/stanflex.pl\/","name":"STANFLEX Stanis\u0142aw Bogda\u0142","description":"Lider w dziedzinie technologii innowacyjnych w uprawie bezglebowej","publisher":{"@id":"https:\/\/stanflex.pl\/#organization"},"potentialAction":[{"@type":"SearchAction","target":{"@type":"EntryPoint","urlTemplate":"https:\/\/stanflex.pl\/?s={search_term_string}"},"query-input":"required name=search_term_string"}],"inLanguage":"pl-PL"},{"@type":"Organization","@id":"https:\/\/stanflex.pl\/#organization","name":"Stanflex Stanis\u0142aw Bogda\u0142","url":"https:\/\/stanflex.pl\/","logo":{"@type":"ImageObject","inLanguage":"pl-PL","@id":"https:\/\/stanflex.pl\/#\/schema\/logo\/image\/","url":"https:\/\/stanflex.pl\/wp-content\/uploads\/2017\/08\/stanflex-e1503745995171.png","contentUrl":"https:\/\/stanflex.pl\/wp-content\/uploads\/2017\/08\/stanflex-e1503745995171.png","width":150,"height":71,"caption":"Stanflex Stanis\u0142aw Bogda\u0142"},"image":{"@id":"https:\/\/stanflex.pl\/#\/schema\/logo\/image\/"}}]}},"_links":{"self":[{"href":"https:\/\/stanflex.pl\/index.php?rest_route=\/wp\/v2\/pages\/335"}],"collection":[{"href":"https:\/\/stanflex.pl\/index.php?rest_route=\/wp\/v2\/pages"}],"about":[{"href":"https:\/\/stanflex.pl\/index.php?rest_route=\/wp\/v2\/types\/page"}],"author":[{"embeddable":true,"href":"https:\/\/stanflex.pl\/index.php?rest_route=\/wp\/v2\/users\/1"}],"replies":[{"embeddable":true,"href":"https:\/\/stanflex.pl\/index.php?rest_route=%2Fwp%2Fv2%2Fcomments&post=335"}],"version-history":[{"count":5,"href":"https:\/\/stanflex.pl\/index.php?rest_route=\/wp\/v2\/pages\/335\/revisions"}],"predecessor-version":[{"id":378,"href":"https:\/\/stanflex.pl\/index.php?rest_route=\/wp\/v2\/pages\/335\/revisions\/378"}],"up":[{"embeddable":true,"href":"https:\/\/stanflex.pl\/index.php?rest_route=\/wp\/v2\/pages\/44"}],"wp:attachment":[{"href":"https:\/\/stanflex.pl\/index.php?rest_route=%2Fwp%2Fv2%2Fmedia&parent=335"}],"curies":[{"name":"wp","href":"https:\/\/api.w.org\/{rel}","templated":true}]}}